{"id":1376,"date":"2024-01-29T10:22:19","date_gmt":"2024-01-29T10:22:19","guid":{"rendered":"https:\/\/traderpropfirm.com\/\/?page_id=1376"},"modified":"2026-04-16T16:58:27","modified_gmt":"2026-04-16T15:58:27","slug":"outils-de-trading","status":"publish","type":"page","link":"https:\/\/traderpropfirm.com\/en\/outils-de-trading\/","title":{"rendered":"Trading Tools"},"content":{"rendered":"<div data-elementor-type=\"wp-page\" data-elementor-id=\"1376\" class=\"elementor elementor-1376\" data-elementor-post-type=\"page\">\n\t\t\t\t<div class=\"elementor-element elementor-element-5126fbd e-con-full e-flex e-con e-parent\" data-id=\"5126fbd\" data-element_type=\"container\" data-e-type=\"container\" data-settings=\"{&quot;background_background&quot;:&quot;classic&quot;}\">\n\t\t\t\t<div class=\"elementor-element elementor-element-b49d7dc elementor-widget elementor-widget-heading\" data-id=\"b49d7dc\" data-element_type=\"widget\" data-e-type=\"widget\" data-widget_type=\"heading.default\">\n\t\t\t\t\t<h1 class=\"elementor-heading-title elementor-size-default\">Trading Tools<\/h1>\t\t\t\t<\/div>\n\t\t\t\t<\/div>\n\t\t<div class=\"elementor-element elementor-element-150a669 e-con-full e-flex e-con e-parent\" data-id=\"150a669\" data-element_type=\"container\" data-e-type=\"container\">\n\t\t<div class=\"elementor-element elementor-element-6428828 e-con-full e-flex e-con e-child\" data-id=\"6428828\" data-element_type=\"container\" data-e-type=\"container\" data-settings=\"{&quot;background_background&quot;:&quot;classic&quot;,&quot;shape_divider_top&quot;:&quot;tilt&quot;}\">\n\t\t\t\t<div class=\"elementor-shape elementor-shape-top\" aria-hidden=\"true\" data-negative=\"false\">\n\t\t\t<svg xmlns=\"http:\/\/www.w3.org\/2000\/svg\" viewbox=\"0 0 1000 100\" preserveaspectratio=\"none\">\n\t<path class=\"elementor-shape-fill\" d=\"M0,6V0h1000v100L0,6z\"\/>\n<\/svg>\t\t<\/div>\n\t\t\t\t<div class=\"elementor-element elementor-element-80fd45e elementor-widget elementor-widget-heading\" data-id=\"80fd45e\" data-element_type=\"widget\" data-e-type=\"widget\" data-widget_type=\"heading.default\">\n\t\t\t\t\t<h2 class=\"elementor-heading-title elementor-size-default\">Trade With Me<\/h2>\t\t\t\t<\/div>\n\t\t<div class=\"elementor-element elementor-element-cc8e645 e-con-full e-flex e-con e-child\" data-id=\"cc8e645\" data-element_type=\"container\" data-e-type=\"container\">\n\t\t\t\t<div class=\"elementor-element elementor-element-e550ed5 elementor-widget__width-initial elementor-widget elementor-widget-text-editor\" data-id=\"e550ed5\" data-element_type=\"widget\" data-e-type=\"widget\" data-widget_type=\"text-editor.default\">\n\t\t\t\t\t\t\t\t\t<p>Trade With Me, un addon gestionnaire de risque pour NinjaTrader 8, optimise votre trading en vous offrant un contr\u00f4le et une analyse pr\u00e9cis de vos risques. Il vous aide \u00e0 atteindre vos objectifs quotidiens, \u00e0 limiter vos lots, et \u00e0 s\u00e9curiser vos gains avec un arr\u00eat d&rsquo;urgence. Simple et efficace, Trade With Me est l&rsquo;outil id\u00e9al pour devenir un trader disciplin\u00e9 et performant.<\/p>\t\t\t\t\t\t\t\t<\/div>\n\t\t\t\t<div class=\"elementor-element elementor-element-bfca0ce gallery-spacing-custom elementor-widget__width-initial elementor-widget elementor-widget-image-gallery\" data-id=\"bfca0ce\" data-element_type=\"widget\" data-e-type=\"widget\" data-widget_type=\"image-gallery.default\">\n\t\t\t\t\t\t\t<div class=\"elementor-image-gallery\">\n\t\t\t<div id='gallery-1' class='gallery galleryid-1376 gallery-columns-1 gallery-size-medium'><figure class='gallery-item'>\n\t\t\t<div class='gallery-icon landscape'>\n\t\t\t\t<img fetchpriority=\"high\" decoding=\"async\" width=\"450\" height=\"211\" src=\"https:\/\/traderpropfirm.com\/wp-content\/uploads\/2024\/01\/TWM3-450x211.jpg?wsr\" class=\"attachment-medium size-medium\" alt=\"trade with me 1\" srcset=\"https:\/\/traderpropfirm.com\/wp-content\/uploads\/2024\/01\/TWM3-450x211.jpg 450w, https:\/\/traderpropfirm.com\/wp-content\/uploads\/2024\/01\/TWM3-1024x481.jpg 1024w, https:\/\/traderpropfirm.com\/wp-content\/uploads\/2024\/01\/TWM3-768x360.jpg 768w, https:\/\/traderpropfirm.com\/wp-content\/uploads\/2024\/01\/TWM3-1536x721.jpg 1536w, https:\/\/traderpropfirm.com\/wp-content\/uploads\/2024\/01\/TWM3-18x8.jpg 18w, https:\/\/traderpropfirm.com\/wp-content\/uploads\/2024\/01\/TWM3.jpg 1807w\" sizes=\"(max-width: 450px) 100vw, 450px\" \/>\n\t\t\t<\/div><\/figure><figure class='gallery-item'>\n\t\t\t<div class='gallery-icon landscape'>\n\t\t\t\t<img decoding=\"async\" width=\"450\" height=\"189\" src=\"https:\/\/traderpropfirm.com\/wp-content\/uploads\/2024\/01\/TWM2-450x189.jpg?wsr\" class=\"attachment-medium size-medium\" alt=\"trade with me 2\" srcset=\"https:\/\/traderpropfirm.com\/wp-content\/uploads\/2024\/01\/TWM2-450x189.jpg 450w, https:\/\/traderpropfirm.com\/wp-content\/uploads\/2024\/01\/TWM2-1024x431.jpg 1024w, https:\/\/traderpropfirm.com\/wp-content\/uploads\/2024\/01\/TWM2-768x323.jpg 768w, https:\/\/traderpropfirm.com\/wp-content\/uploads\/2024\/01\/TWM2-1536x646.jpg 1536w, https:\/\/traderpropfirm.com\/wp-content\/uploads\/2024\/01\/TWM2-18x8.jpg 18w, https:\/\/traderpropfirm.com\/wp-content\/uploads\/2024\/01\/TWM2.jpg 1814w\" sizes=\"(max-width: 450px) 100vw, 450px\" \/>\n\t\t\t<\/div><\/figure>\n\t\t<\/div>\n\t\t<\/div>\n\t\t\t\t\t\t<\/div>\n\t\t\t\t<\/div>\n\t\t\t\t<\/div>\n\t\t<div class=\"elementor-element elementor-element-91e9e26 e-con-full e-flex elementor-invisible e-con e-child\" data-id=\"91e9e26\" data-element_type=\"container\" data-e-type=\"container\" data-settings=\"{&quot;background_background&quot;:&quot;classic&quot;,&quot;animation&quot;:&quot;fadeInUp&quot;}\">\n\t\t\t\t<div class=\"elementor-element elementor-element-98168b7 elementor-widget__width-inherit elementor-widget elementor-widget-video\" data-id=\"98168b7\" data-element_type=\"widget\" data-e-type=\"widget\" data-settings=\"{&quot;youtube_url&quot;:&quot;https:\\\/\\\/www.youtube.com\\\/watch?v=Z9jam75jKwQ&quot;,&quot;video_type&quot;:&quot;youtube&quot;,&quot;controls&quot;:&quot;yes&quot;}\" data-widget_type=\"video.default\">\n\t\t\t\t\t\t\t<div class=\"elementor-wrapper elementor-open-inline\">\n\t\t\t<div class=\"elementor-video\"><\/div>\t\t<\/div>\n\t\t\t\t\t\t<\/div>\n\t\t\t\t<div class=\"elementor-element elementor-element-324a5b4 elementor-widget__width-initial elementor-widget-mobile__width-inherit elementor-widget elementor-widget-text-editor\" data-id=\"324a5b4\" data-element_type=\"widget\" data-e-type=\"widget\" data-widget_type=\"text-editor.default\">\n\t\t\t\t\t\t\t\t\t<p class=\"translation-block\"><b>10% off<\/b> using the <b>TPF<\/b> code on the following link:<\/p><p><span style=\"color: #ffffff;\">\u2192 <\/span><span style=\"text-decoration: underline;\"><span style=\"color: #ffffff;\"><a style=\"color: #ffffff; text-decoration: underline;\" href=\"https:\/\/trade-with-me.fr\/subscribe\/TPF\">https:\/\/trade-with-me.fr\/subscribe\/TPF<\/a><\/span><\/span><\/p>\t\t\t\t\t\t\t\t<\/div>\n\t\t\t\t<\/div>\n\t\t\t\t<\/div>\n\t\t\t\t<\/div>","protected":false},"excerpt":{"rendered":"<p>Trade With Me Trade With Me, un addon gestionnaire de risque pour NinjaTrader 8, optimise votre trading en vous offrant un contr\u00f4le et une analyse pr\u00e9cis de vos risques. Il vous aide \u00e0 atteindre vos objectifs quotidiens, \u00e0 limiter vos lots, et \u00e0 s\u00e9curiser vos gains avec un arr\u00eat d&rsquo;urgence. Simple et efficace, Trade With [&hellip;]<\/p>\n","protected":false},"author":1,"featured_media":0,"parent":0,"menu_order":0,"comment_status":"closed","ping_status":"closed","template":"elementor_header_footer","meta":{"_acf_changed":false,"footnotes":""},"class_list":["post-1376","page","type-page","status-publish","hentry"],"acf":[],"_links":{"self":[{"href":"https:\/\/traderpropfirm.com\/en\/wp-json\/wp\/v2\/pages\/1376","targetHints":{"allow":["GET"]}}],"collection":[{"href":"https:\/\/traderpropfirm.com\/en\/wp-json\/wp\/v2\/pages"}],"about":[{"href":"https:\/\/traderpropfirm.com\/en\/wp-json\/wp\/v2\/types\/page"}],"author":[{"embeddable":true,"href":"https:\/\/traderpropfirm.com\/en\/wp-json\/wp\/v2\/users\/1"}],"replies":[{"embeddable":true,"href":"https:\/\/traderpropfirm.com\/en\/wp-json\/wp\/v2\/comments?post=1376"}],"version-history":[{"count":3,"href":"https:\/\/traderpropfirm.com\/en\/wp-json\/wp\/v2\/pages\/1376\/revisions"}],"predecessor-version":[{"id":4515,"href":"https:\/\/traderpropfirm.com\/en\/wp-json\/wp\/v2\/pages\/1376\/revisions\/4515"}],"wp:attachment":[{"href":"https:\/\/traderpropfirm.com\/en\/wp-json\/wp\/v2\/media?parent=1376"}],"curies":[{"name":"wp","href":"https:\/\/api.w.org\/{rel}","templated":true}]}}